{"id":620,"date":"2022-09-23T10:32:27","date_gmt":"2022-09-23T10:32:27","guid":{"rendered":"https:\/\/dininadesign.com\/condicoes-gerais\/"},"modified":"2023-03-31T13:11:11","modified_gmt":"2023-03-31T13:11:11","slug":"condiciones-generales","status":"publish","type":"page","link":"https:\/\/dininadesign.com\/es\/condiciones-generales\/","title":{"rendered":"Condiciones generales"},"content":{"rendered":"<p><strong>T\u00c9RMINOS Y CONDICIONES GENERALES DE VENTA<\/strong><\/p>\n<p>&nbsp;<\/p>\n<p><strong>PRE\u00c1MBULO:<\/strong><\/p>\n<p><span style=\"font-weight: 400\">1. Estos T\u00e9rminos y Condiciones Generales de Venta en L\u00ednea, en lo sucesivo denominados [CONDICIONES], son acordados entre [EMPRESA] con sede en R. Coronel \u00c2ngelo Manuel Albergaria Pacheco, 3, 9560-035 Lagoa (S\u00e3o Miguel), NIPC 216303010, registrado en Registro Mercantil de Ponta Delgada, y las personas que, utilizando el sitio web de Claudia Maria de Sousa Gon\u00e7alves Amaral Borges, deseen y realicen compras en la tienda en l\u00ednea que en lo sucesivo se denominar\u00e1 [SITIO].<\/span><\/p>\n<p><span style=\"font-weight: 400\">2. Las presentes condiciones se aplican exclusivamente a las personas f\u00edsicas no mercantiles en adelante referidas por [USUARIO], entendi\u00e9ndose como tal a toda persona f\u00edsica que act\u00fae con fines ajenos al \u00e1mbito de su actividad profesional, comercial, industrial o artesanal.<\/span><\/p>\n<p><span style=\"font-weight: 400\">3. El USUARIO debe leer atentamente las condiciones generales de venta, oblig\u00e1ndose expresamente a las mismas, haciendo clic en el bot\u00f3n \u201cAcepto las condiciones generales de venta\u201d, por lo que, si no est\u00e1 de acuerdo, no debe realizar el pedido. o compra.<\/span><\/p>\n<p><span style=\"font-weight: 400\">4. Las presentes condiciones generales no ser\u00e1n de aplicaci\u00f3n si resultase, a trav\u00e9s del pedido realizado, que el USUARIO no es un consumidor final, tal y como se define en el apartado c) del art\u00edculo 3 del Decreto-ley n.\u00ba 24\/2014, de 14 de febrero.<\/span><\/p>\n<p><span style=\"font-weight: 400\">5. Claudia Maria de Sousa Gon\u00e7alves Amaral Borges se reserva el derecho, sin previo aviso, de agregar, modificar o alterar las presentes condiciones generales de venta en l\u00ednea, cambiar el precio de venta, o modificar o reemplazar los productos disponibles, considerando que al realizar un nuevo pedido o compra , el USUARIO acepta y se vincula expresamente a las nuevas condiciones generales y precios de venta.<\/span><\/p>\n<p>&nbsp;<\/p>\n<p><b>1. DEFINICIONES<\/b><b><\/b><\/p>\n<p>1.1. VENDEDOR en lo sucesivo denominado [VENDEDOR] es una persona jur\u00eddica o empresario individual que tiene productos a la venta en el SITIO.<\/p>\n<p>1.2. USUARIO es una persona f\u00edsica que act\u00faa con fines que no se encuentran dentro del \u00e1mbito de su actividad comercial, industrial, artesanal o profesional y que, utilizando el SITIO, realiza pedidos de productos o compras de productos.<\/p>\n<p>1.3. PRODUCTO O PEDIDO: art\u00edculo en el SITIO para la venta en l\u00ednea.<\/p>\n<p>1.4. PRODUCTO ESPEC\u00cdFICO: (art\u00edculo producido o comercializado de forma personalizada O Art\u00edculo que aparece en la web con la designaci\u00f3n de un producto espec\u00edfico O Art\u00edculo hecho por encargo con caracter\u00edsticas propias? (ELIGE UNA HIP\u00d3TESIS)<\/p>\n<p>1.5. PRODUCTO EN PEDIDO: producto pedido por un usuario que no est\u00e1 disponible en stock;<\/p>\n<p>&nbsp;<\/p>\n<p><strong>PRODUCTOS Y PRECIOS<\/strong><\/p>\n<p>2. La EMPRESA ofrece, a trav\u00e9s del SITIO, una amplia gama de productos para la venta.<\/p>\n<p>3. La oferta referente a cada uno de los productos se limita al stock existente.<\/p>\n<p>4. Todos los precios incluyen el IVA al tipo legal vigente en la Regi\u00f3n Aut\u00f3noma de las Azores.<\/p>\n<p>5. Los precios se muestran siempre en euros.<\/p>\n<p>6. Las im\u00e1genes que se muestran pueden no coincidir exactamente con el producto que se muestra. Por razones t\u00e9cnicas, los colores mostrados tambi\u00e9n pueden diferir ligeramente de los colores reales.<\/p>\n<p>7. En casos muy espec\u00edficos, las descripciones pueden contener errores, por lo que tambi\u00e9n se debe consultar la descripci\u00f3n del fabricante.<\/p>\n<p>8. Los productos a pedido en lo sucesivo denominados [PEDIDO] demoran en promedio hasta dos semanas en caso de falta de stock antes de estar disponibles, o siendo productos espec\u00edficos pueden demorar m\u00e1s.<\/p>\n<p>9. Las especificaciones t\u00e9cnicas, el dise\u00f1o del producto o los colores est\u00e1n sujetos a cambios sin previo aviso.<\/p>\n<p>10. El SITIO se actualiza con sumo cuidado, sin embargo puede suceder que la informaci\u00f3n relativa al precio contenga errores, por lo que Claudia Maria de Sousa Gon\u00e7alves Amaral Borges no se compromete con la oferta, reserv\u00e1ndose el derecho de cancelar el pedido en caso de que tal se produce un error.<\/p>\n<p>11. Claudia Maria de Sousa Gon\u00e7alves Amaral Borges declina cualquier responsabilidad por cualquier otro error que ocurra en el SITIO, o si el SITIO es inaccesible.<\/p>\n<p>12. El peso de cada uno de los productos indicados en el SITIO no corresponde a su peso exacto, sino a un peso aproximado debido al peso de los materiales de empaque para el env\u00edo.<\/p>\n<p>&nbsp;<\/p>\n<p><strong>SOLICITUD DE PRODUCTO O PEDIDO<\/strong><\/p>\n<p>13. Los pedidos en el SITIO se pueden realizar las 24 horas del d\u00eda, los 7 d\u00edas de la semana, excepto en casos de falla debido a fuerza mayor.<\/p>\n<p>14. Mientras navega por el SITIO, puede agregar al carrito de compras haciendo clic en el bot\u00f3n &#8220;comprar&#8221;\/&#8221;agregar&#8221;.<\/p>\n<p>15. Cuando termine de seleccionar los productos, podr\u00e1 seleccionar la opci\u00f3n, en la parte superior del SITIO, \u201cx productos\u201d \/ \u201cCarrito\u201d, para realizar y completar la compra.<\/p>\n<p>16. En el campo \u201cenv\u00edos\u201d, puede optar por recoger en nuestra tienda en Ponta Delgada, ubicada en R. Coronel \u00c2ngelo Manuel Albergaria Pacheco, 3, 9560-035 Lagoa (S\u00e3o Miguel).<\/p>\n<p>16.1 Realizamos env\u00edos a Portugal continental, las islas Azores y Madeira.<\/p>\n<p>16.2 Con recogida en la tienda de Ponta Delgada no hay coste de env\u00edo.<\/p>\n<p>17. Solo se aceptar\u00e1n pedidos entregados en Portugal continental y en las Regiones Aut\u00f3nomas de Madeira y Azores.<\/p>\n<p>18. Despu\u00e9s de haber ingresado sus datos personales, confirme tambi\u00e9n su intenci\u00f3n de realizar el PEDIDO.<\/p>\n<p>19. Una vez confirmado, el PEDIDO ser\u00e1 procesado y no podr\u00e1 ser cancelado, salvo el derecho de desistimiento en los t\u00e9rminos de los puntos 30 a 33.<\/p>\n<p>20. Su PEDIDO no ser\u00e1 aceptado y el contrato no se concluir\u00e1 hasta que reciba, por correo electr\u00f3nico, la confirmaci\u00f3n de la aceptaci\u00f3n del pedido y realice el pago del mismo.<\/p>\n<p>21. El pago debe efectuarse en el momento de la confirmaci\u00f3n del PEDIDO.<\/p>\n<p>22. Los m\u00e9todos de pago aceptados son: referencia de cajero autom\u00e1tico o transferencia bancaria;<\/p>\n<p><span style=\"font-weight: 400\"><br \/>\n<\/span><span style=\"font-weight: 400\"><br \/>\n<\/span><strong>ENTREGA DE PAQUETES<\/strong><\/p>\n<p>23. EL PEDIDO ser\u00e1 entregado por mensajer\u00eda (ctt, transitario, ems u otro servicio).<\/p>\n<p>24. El plazo de entrega ser\u00e1, en principio, de hasta 48 horas en d\u00edas laborables, desde la fecha de recepci\u00f3n y confirmaci\u00f3n del pago del PEDIDO por nuestra empresa, salvo fin de existencias, en cuyo caso se propondr\u00e1 un plazo de entrega alternativo, con la excepci\u00f3n de los productos personalizados, que pueden tardar m\u00e1s en personalizarse.<\/p>\n<p>25. Si no se encuentra a nadie en la direcci\u00f3n indicada, el PEDIDO permanecer\u00e1 en la estaci\u00f3n ctt o transitario de la zona de la direcci\u00f3n antes mencionada, durante 3 d\u00edas h\u00e1biles, transcurridos los cuales ser\u00e1 devuelto a la empresa. Despu\u00e9s de este per\u00edodo, los art\u00edculos volver\u00e1n a Claudia Maria de Sousa Gon\u00e7alves Amaral Borges y posteriormente se contactar\u00e1 al cliente y se programar\u00e1 una nueva entrega, que correr\u00e1 por cuenta del cliente.<\/p>\n<p>&nbsp;<\/p>\n<p><strong>GARANTIZAR<\/strong><\/p>\n<p>26. Los art\u00edculos comprados en el SITIO tienen una garant\u00eda de dos a\u00f1os, a menos que se indique expresamente lo contrario.<\/p>\n<p>27. Para beneficiarse de esta garant\u00eda, el USUARIO deber\u00e1 conservar la factura como comprobante de compra.<\/p>\n<p>28. La EMPRESA es \u00fanicamente un revendedor. Todos los productos vendidos por la EMPRESA no son fabricados por nosotros. La garant\u00eda del producto es otorgada por el respectivo fabricante en los t\u00e9rminos de la ley y que el fabricante se compromete a dar y hasta un m\u00e1ximo de 2 a\u00f1os a partir de la fecha de compra.<\/p>\n<p>29. Si encuentra dificultades para instalar\/usar un producto, comience por asegurarse de seguir todas las instrucciones contenidas en los manuales de instrucciones del fabricante. Si el problema persiste, p\u00f3ngase en contacto directamente con el fabricante o con nuestra empresa.<\/p>\n<p>29.1. Hacemos todo lo posible para cambiar su producto lo m\u00e1s r\u00e1pido posible, pero el tiempo de resoluci\u00f3n no depende solo de nosotros. Todos los productos que ingresan a nuestras instalaciones son probados y enviados en un plazo m\u00e1ximo de 48 horas. A partir de entonces, pasa a ser responsabilidad de los fabricantes y proveedores.<\/p>\n<p>29.2. En el caso de productos descatalogados, se podr\u00e1 realizar el cambio por un producto equivalente o superior actualmente a la venta, pero dicho cambio es responsabilidad del proveedor o fabricante, de no ser posible se podr\u00e1 reembolsar el valor.<\/p>\n<p>&nbsp;<\/p>\n<p><strong>Rescisi\u00f3n del contrato y devoluciones<\/strong><\/p>\n<p>30. El USUARIO tiene derecho a desistir de la compra si no recibe su producto en un plazo m\u00e1ximo de 30 d\u00edas y los gastos de env\u00edo corren a cargo del cliente.<\/p>\n<p>31. El USUARIO podr\u00e1 rescindir libremente el contrato celebrado y ejecutado en el SITIO, de conformidad con el art\u00edculo 10 del Decreto-Ley n\u00ba 24\/2014, de 14 de febrero, siendo a cargo del USUARIO los gastos o gastos de env\u00edo de la devoluci\u00f3n. A tal efecto, el Usuario deber\u00e1, en un plazo m\u00e1ximo de 14 d\u00edas desde la fecha de recepci\u00f3n, a la direcci\u00f3n R. Coronel \u00c2ngelo Manuel Albergaria Pacheco, 3, 9560-035 Lagoa (S\u00e3o Miguel) ejerciendo tal derecho mediante el env\u00edo de carta certificada con acuse de recibo.<\/p>\n<p>32. En caso de rescisi\u00f3n contractual, el cliente dispone de un plazo m\u00e1ximo de 30 d\u00edas, contados a partir de la fecha de recepci\u00f3n del pedido, para devolver el o los productos a la empresa en la direcci\u00f3n indicada en el requisito anterior y arriba.) comprado con todos sus accesorios y con el(los) embalaje(s) respectivo(s), en excelente estado, sin rayones ni se\u00f1ales de uso e instrucciones de funcionamiento junto con copia de la factura de venta y el documento que acredite la recepci\u00f3n del pedido y como se explica:<\/p>\n<p>a)- Libros rigurosamente en su estado original, sin se\u00f1ales de uso, pliegues, marcas, p\u00e1ginas rotas, arrugadas, escritas;<\/p>\n<p>b) &#8211; Cine, TV y M\u00fasica: CD, DVD, Vinilo, etc. con embalaje sin abrir y precintos intactos;<\/p>\n<p>c) &#8211; Software y videojuegos con embalajes cerrados y precintos intactos;<\/p>\n<p>d) &#8211; Electr\u00f3nica (TV, Audio, Video, Inform\u00e1tica, GPS, etc.) con productos que no presenten signos de mal uso. Devoluci\u00f3n del producto completo, con todos sus componentes y accesorios, manual de instrucciones y embalaje original en perfecto estado;<\/p>\n<p>e) &#8211; Ropa, zapatos y accesorios en su estado original y con todos los embalajes y etiquetas;<\/p>\n<p>f)- Otros productos sin signos de mal uso. Devoluci\u00f3n del producto completo, con todos sus componentes y accesorios, manual de instrucciones y embalaje original en perfecto estado;<\/p>\n<p>El consumidor pierde el derecho de desistimiento gratuito si no se confirman las condiciones anteriores.<\/p>\n<p>33. Una vez recibido el pedido devuelto y toda la documentaci\u00f3n a que se refiere el punto anterior, la empresa reembolsar\u00e1, preferentemente por el mismo medio de pago si es posible, en un plazo m\u00e1ximo de 14 d\u00edas, las cantidades abonadas por el cliente, sin gasto alguno. para estos \u00faltimos, excepto gastos de devoluci\u00f3n o portes postales.<\/p>\n<p><span style=\"font-weight: 400\">\u00a0<\/span><\/p>\n<p><strong>34. Conflictos de consumo<\/strong><\/p>\n<p><span style=\"font-weight: 400\">La Uni\u00f3n Europea ha creado un sitio web para ayudar a los consumidores a presentar sus quejas sobre cualquier disputa en la que est\u00e9n involucrados. En este contexto, la EMPRESA proporciona toda la informaci\u00f3n para que usted pueda ejercer su derecho a reclamar ante una entidad oficial, tercera e imparcial al proceso. Por lo tanto, si no est\u00e1 satisfecho con la compra de un bien o servicio en nuestro sitio web, o con la soluci\u00f3n presentada por nosotros para resolver la situaci\u00f3n, puede acceder a este sitio web oficial <\/span><a href=\"https:\/\/ec.europa.eu\/consumers\/odr\" target=\"_blank\" rel=\"noopener\">https:\/\/ec.europa.eu\/consumers\/odr<\/a><span style=\"font-weight: 400\"> y exponga su objeci\u00f3n.<\/span><\/p>\n<p>35. Todos los mensajes electr\u00f3nicos enviados al acceder a la tienda en l\u00ednea, incluidos los correos electr\u00f3nicos y los mensajes a trav\u00e9s de un navegador de Internet, se considerar\u00e1n, a los efectos de la ley aplicable, como declaraciones contractuales.<\/p>\n<p>36. La resoluci\u00f3n alternativa de conflictos es la posibilidad que tienen todos los consumidores de acudir a entidades oficiales que les ayuden en la resoluci\u00f3n, u orientaci\u00f3n de alg\u00fan conflicto, antes de abrir procesos litigiosos en los tribunales. Por regla general, el procedimiento es el siguiente: el cliente solicita a un tercero imparcial que act\u00fae como intermediario entre \u00e9l y el comerciante, objeto de su reclamaci\u00f3n. El intermediario puede sugerir una soluci\u00f3n a su queja, imponer una soluci\u00f3n a ambas partes o reunir a las partes para encontrar una soluci\u00f3n.<\/p>\n<p>Quiz\u00e1s conozcas el concepto de resoluci\u00f3n alternativa de litigios por otro nombre: &#8216;mediaci\u00f3n&#8217;, &#8216;conciliaci\u00f3n&#8217;, &#8216;arbitraje&#8217; o &#8216;comisi\u00f3n competente en el contexto de litigios de consumo&#8217;.<\/p>\n<p>La resoluci\u00f3n alternativa de disputas es, por regla general, menos costosa, menos formal y m\u00e1s r\u00e1pida que la v\u00eda judicial.<\/p>\n<p>37. Sugerencias para entidades alternativas de resoluci\u00f3n de conflictos:<\/p>\n<p><span style=\"font-weight: 400\">Cniacc \u2013 Centro Nacional de Informa\u00e7\u00e3o e Arbitragem de Conflitos de Consumo<\/span><\/p>\n<p><a href=\"https:\/\/www.cniacc.pt\/pt\/\" target=\"_blank\" rel=\"noopener\"><span style=\"font-weight: 400\">https:\/\/www.cniacc.pt\/pt\/<\/span><\/a><\/p>\n<p><span style=\"font-weight: 400\">Centro de Arbitragem de Conflitos de Consumo de Lisboa<\/span><\/p>\n<p><a href=\"http:\/\/www.centroarbitragemlisboa.pt\/\" target=\"_blank\" rel=\"noopener\"><span style=\"font-weight: 400\">http<\/span><span style=\"font-weight: 400\">:\/\/www.centroarbitragemlisboa.pt\/<\/span><\/a><\/p>\n<p><span style=\"font-weight: 400\">Centro de Arbitragem de Conflitos de Consumo do Vale do Ave\/Tribunal Arbitral<\/span><\/p>\n<p><a href=\"http:\/\/www.triave.pt\/\" target=\"_blank\" rel=\"noopener\"><span style=\"font-weight: 400\">http:\/\/www.triave.pt\/<\/span><\/a><\/p>\n<p><span style=\"font-weight: 400\">Ciab \u2013 Centro de Informa\u00e7\u00e3o, Media\u00e7\u00e3o e Arbitragem de Consumo (Tribunal Arbitral de Consumo)<\/span><\/p>\n<p><a href=\"http:\/\/www.ciab.pt\/pt\/\" target=\"_blank\" rel=\"noopener\"><span style=\"font-weight: 400\">http:\/\/www.ciab.pt\/pt\/<\/span><\/a><\/p>\n<p><span style=\"font-weight: 400\">Cicap \u2013 Tribunal Arbitral de Consumo<\/span><\/p>\n<p><a href=\"https:\/\/www.cicap.pt\/\" target=\"_blank\" rel=\"noopener\"><span style=\"font-weight: 400\">https:\/\/www.cicap.pt\/<\/span><\/a><\/p>\n<p>&nbsp;<\/p>\n<p><strong>Disposiciones finales<\/strong><\/p>\n<p>38. Todos los mensajes electr\u00f3nicos enviados al acceder a la tienda en l\u00ednea, incluidos los correos electr\u00f3nicos y los mensajes a trav\u00e9s de un navegador de Internet, se considerar\u00e1n, a los efectos de la ley aplicable, como declaraciones contractuales.<\/p>\n<p>39. La EMPRESA podr\u00e1 enviar al cliente informaci\u00f3n sobre nuevos productos, promociones u otros art\u00edculos de inter\u00e9s para los clientes de la tienda online, si el cliente se ha suscrito a la newsletter.<\/p>\n<p>40. Para cualquier comentario o duda, p\u00f3ngase en contacto con nuestra l\u00ednea de atenci\u00f3n al cliente en el 919 142 038 o env\u00ede un correo electr\u00f3nico <a href=\"mailto:dininadesignorders@gmail.com\" target=\"_blank\" rel=\"noopener\">dininadesignorders@gmail.com<\/a>.<\/p>\n","protected":false},"excerpt":{"rendered":"<p>T\u00c9RMINOS Y CONDICIONES GENERALES DE VENTA &nbsp; PRE\u00c1MBULO: 1. Estos [&hellip;]<\/p>\n","protected":false},"author":1,"featured_media":0,"parent":0,"menu_order":0,"comment_status":"closed","ping_status":"closed","template":"","meta":[],"acf":[],"yoast_head":"<!-- This site is optimized with the Yoast SEO plugin v19.7.1 - https:\/\/yoast.com\/wordpress\/plugins\/seo\/ -->\n<title>Condiciones Generales - Ropa en las Azores - Dinina Design<\/title>\n<meta name=\"description\" content=\"Consulte aqu\u00ed las Condiciones Generales de Dinina Design. Al aceptar est\u00e1 de acuerdo con todos nuestros t\u00e9rminos.\" \/>\n<meta name=\"robots\" content=\"index, follow, max-snippet:-1, max-image-preview:large, max-video-preview:-1\" \/>\n<link rel=\"canonical\" href=\"https:\/\/dininadesign.com\/es\/condiciones-generales\/\" \/>\n<meta property=\"og:locale\" content=\"es_ES\" \/>\n<meta property=\"og:type\" content=\"article\" \/>\n<meta property=\"og:title\" content=\"Condiciones Generales - Ropa en las Azores - Dinina Design\" \/>\n<meta property=\"og:description\" content=\"Consulte aqu\u00ed las Condiciones Generales de Dinina Design. Al aceptar est\u00e1 de acuerdo con todos nuestros t\u00e9rminos.\" \/>\n<meta property=\"og:url\" content=\"https:\/\/dininadesign.com\/es\/condiciones-generales\/\" \/>\n<meta property=\"og:site_name\" content=\"Dinina Design - Vestu\u00e1rio Exquisitely nos A\u00e7ores\" \/>\n<meta property=\"article:modified_time\" content=\"2023-03-31T13:11:11+00:00\" \/>\n<meta name=\"twitter:card\" content=\"summary_large_image\" \/>\n<meta name=\"twitter:label1\" content=\"Tiempo de lectura\" \/>\n\t<meta name=\"twitter:data1\" content=\"12 minutos\" \/>\n<script type=\"application\/ld+json\" class=\"yoast-schema-graph\">{\"@context\":\"https:\/\/schema.org\",\"@graph\":[{\"@type\":\"WebPage\",\"@id\":\"https:\/\/dininadesign.com\/es\/condiciones-generales\/\",\"url\":\"https:\/\/dininadesign.com\/es\/condiciones-generales\/\",\"name\":\"Condiciones Generales - Ropa en las Azores - Dinina Design\",\"isPartOf\":{\"@id\":\"https:\/\/dininadesign.com\/#website\"},\"datePublished\":\"2022-09-23T10:32:27+00:00\",\"dateModified\":\"2023-03-31T13:11:11+00:00\",\"description\":\"Consulte aqu\u00ed las Condiciones Generales de Dinina Design. Al aceptar est\u00e1 de acuerdo con todos nuestros t\u00e9rminos.\",\"breadcrumb\":{\"@id\":\"https:\/\/dininadesign.com\/es\/condiciones-generales\/#breadcrumb\"},\"inLanguage\":\"es\",\"potentialAction\":[{\"@type\":\"ReadAction\",\"target\":[\"https:\/\/dininadesign.com\/es\/condiciones-generales\/\"]}]},{\"@type\":\"BreadcrumbList\",\"@id\":\"https:\/\/dininadesign.com\/es\/condiciones-generales\/#breadcrumb\",\"itemListElement\":[{\"@type\":\"ListItem\",\"position\":1,\"name\":\"Home\",\"item\":\"https:\/\/dininadesign.com\/es\/\"},{\"@type\":\"ListItem\",\"position\":2,\"name\":\"Condiciones generales\"}]},{\"@type\":\"WebSite\",\"@id\":\"https:\/\/dininadesign.com\/#website\",\"url\":\"https:\/\/dininadesign.com\/\",\"name\":\"Dinina Design - Vestu\u00e1rio Exquisitely nos A\u00e7ores\",\"description\":\"\",\"publisher\":{\"@id\":\"https:\/\/dininadesign.com\/#organization\"},\"potentialAction\":[{\"@type\":\"SearchAction\",\"target\":{\"@type\":\"EntryPoint\",\"urlTemplate\":\"https:\/\/dininadesign.com\/?s={search_term_string}\"},\"query-input\":\"required name=search_term_string\"}],\"inLanguage\":\"es\"},{\"@type\":\"Organization\",\"@id\":\"https:\/\/dininadesign.com\/#organization\",\"name\":\"Dinina Design - Vestu\u00e1rio Exquisitely nos A\u00e7ores\",\"url\":\"https:\/\/dininadesign.com\/\",\"sameAs\":[],\"logo\":{\"@type\":\"ImageObject\",\"inLanguage\":\"es\",\"@id\":\"https:\/\/dininadesign.com\/#\/schema\/logo\/image\/\",\"url\":\"https:\/\/dininadesign.com\/wp-content\/uploads\/2022\/09\/15994617-1237494872999923-1463050223110012379-o.jpg\",\"contentUrl\":\"https:\/\/dininadesign.com\/wp-content\/uploads\/2022\/09\/15994617-1237494872999923-1463050223110012379-o.jpg\",\"width\":720,\"height\":720,\"caption\":\"Dinina Design - Vestu\u00e1rio Exquisitely nos A\u00e7ores\"},\"image\":{\"@id\":\"https:\/\/dininadesign.com\/#\/schema\/logo\/image\/\"}}]}<\/script>\n<!-- \/ Yoast SEO plugin. -->","yoast_head_json":{"title":"Condiciones Generales - Ropa en las Azores - Dinina Design","description":"Consulte aqu\u00ed las Condiciones Generales de Dinina Design. Al aceptar est\u00e1 de acuerdo con todos nuestros t\u00e9rminos.","robots":{"index":"index","follow":"follow","max-snippet":"max-snippet:-1","max-image-preview":"max-image-preview:large","max-video-preview":"max-video-preview:-1"},"canonical":"https:\/\/dininadesign.com\/es\/condiciones-generales\/","og_locale":"es_ES","og_type":"article","og_title":"Condiciones Generales - Ropa en las Azores - Dinina Design","og_description":"Consulte aqu\u00ed las Condiciones Generales de Dinina Design. Al aceptar est\u00e1 de acuerdo con todos nuestros t\u00e9rminos.","og_url":"https:\/\/dininadesign.com\/es\/condiciones-generales\/","og_site_name":"Dinina Design - Vestu\u00e1rio Exquisitely nos A\u00e7ores","article_modified_time":"2023-03-31T13:11:11+00:00","twitter_card":"summary_large_image","twitter_misc":{"Tiempo de lectura":"12 minutos"},"schema":{"@context":"https:\/\/schema.org","@graph":[{"@type":"WebPage","@id":"https:\/\/dininadesign.com\/es\/condiciones-generales\/","url":"https:\/\/dininadesign.com\/es\/condiciones-generales\/","name":"Condiciones Generales - Ropa en las Azores - Dinina Design","isPartOf":{"@id":"https:\/\/dininadesign.com\/#website"},"datePublished":"2022-09-23T10:32:27+00:00","dateModified":"2023-03-31T13:11:11+00:00","description":"Consulte aqu\u00ed las Condiciones Generales de Dinina Design. Al aceptar est\u00e1 de acuerdo con todos nuestros t\u00e9rminos.","breadcrumb":{"@id":"https:\/\/dininadesign.com\/es\/condiciones-generales\/#breadcrumb"},"inLanguage":"es","potentialAction":[{"@type":"ReadAction","target":["https:\/\/dininadesign.com\/es\/condiciones-generales\/"]}]},{"@type":"BreadcrumbList","@id":"https:\/\/dininadesign.com\/es\/condiciones-generales\/#breadcrumb","itemListElement":[{"@type":"ListItem","position":1,"name":"Home","item":"https:\/\/dininadesign.com\/es\/"},{"@type":"ListItem","position":2,"name":"Condiciones generales"}]},{"@type":"WebSite","@id":"https:\/\/dininadesign.com\/#website","url":"https:\/\/dininadesign.com\/","name":"Dinina Design - Vestu\u00e1rio Exquisitely nos A\u00e7ores","description":"","publisher":{"@id":"https:\/\/dininadesign.com\/#organization"},"potentialAction":[{"@type":"SearchAction","target":{"@type":"EntryPoint","urlTemplate":"https:\/\/dininadesign.com\/?s={search_term_string}"},"query-input":"required name=search_term_string"}],"inLanguage":"es"},{"@type":"Organization","@id":"https:\/\/dininadesign.com\/#organization","name":"Dinina Design - Vestu\u00e1rio Exquisitely nos A\u00e7ores","url":"https:\/\/dininadesign.com\/","sameAs":[],"logo":{"@type":"ImageObject","inLanguage":"es","@id":"https:\/\/dininadesign.com\/#\/schema\/logo\/image\/","url":"https:\/\/dininadesign.com\/wp-content\/uploads\/2022\/09\/15994617-1237494872999923-1463050223110012379-o.jpg","contentUrl":"https:\/\/dininadesign.com\/wp-content\/uploads\/2022\/09\/15994617-1237494872999923-1463050223110012379-o.jpg","width":720,"height":720,"caption":"Dinina Design - Vestu\u00e1rio Exquisitely nos A\u00e7ores"},"image":{"@id":"https:\/\/dininadesign.com\/#\/schema\/logo\/image\/"}}]}},"_links":{"self":[{"href":"https:\/\/dininadesign.com\/es\/wp-json\/wp\/v2\/pages\/620"}],"collection":[{"href":"https:\/\/dininadesign.com\/es\/wp-json\/wp\/v2\/pages"}],"about":[{"href":"https:\/\/dininadesign.com\/es\/wp-json\/wp\/v2\/types\/page"}],"author":[{"embeddable":true,"href":"https:\/\/dininadesign.com\/es\/wp-json\/wp\/v2\/users\/1"}],"replies":[{"embeddable":true,"href":"https:\/\/dininadesign.com\/es\/wp-json\/wp\/v2\/comments?post=620"}],"version-history":[{"count":4,"href":"https:\/\/dininadesign.com\/es\/wp-json\/wp\/v2\/pages\/620\/revisions"}],"predecessor-version":[{"id":1107,"href":"https:\/\/dininadesign.com\/es\/wp-json\/wp\/v2\/pages\/620\/revisions\/1107"}],"wp:attachment":[{"href":"https:\/\/dininadesign.com\/es\/wp-json\/wp\/v2\/media?parent=620"}],"curies":[{"name":"wp","href":"https:\/\/api.w.org\/{rel}","templated":true}]}}