{"id":1028,"date":"2023-03-08T17:52:19","date_gmt":"2023-03-08T17:52:19","guid":{"rendered":"https:\/\/dininadesign.com\/produto\/toucado-cinza-prata-e-azul\/"},"modified":"2023-03-09T10:49:55","modified_gmt":"2023-03-09T10:49:55","slug":"tocado-gris-plata-y-azul","status":"publish","type":"product","link":"https:\/\/dininadesign.com\/es\/producto\/tocado-gris-plata-y-azul\/","title":{"rendered":"Tocado &#8211; Gris Plata y Azul"},"content":{"rendered":"","protected":false},"excerpt":{"rendered":"<p>Tocado en fibra natural, sinamay en gris plata, flor en seda azul oc\u00e9ano.<\/p>\n","protected":false},"featured_media":778,"template":"","meta":[],"product_cat":[161,159],"product_tag":[],"acf":[],"yoast_head":"<!-- This site is optimized with the Yoast SEO plugin v19.7.1 - https:\/\/yoast.com\/wordpress\/plugins\/seo\/ -->\n<title>Tocado - Gris Plata y Azul - Dinina Design - Vestu\u00e1rio Exquisitely nos A\u00e7ores<\/title>\n<meta name=\"robots\" content=\"index, follow, max-snippet:-1, max-image-preview:large, max-video-preview:-1\" \/>\n<link rel=\"canonical\" href=\"https:\/\/dininadesign.com\/es\/producto\/tocado-gris-plata-y-azul\/\" \/>\n<meta property=\"og:locale\" content=\"es_ES\" \/>\n<meta property=\"og:type\" content=\"article\" \/>\n<meta property=\"og:title\" content=\"Tocado - Gris Plata y Azul - Dinina Design - Vestu\u00e1rio Exquisitely nos A\u00e7ores\" \/>\n<meta property=\"og:description\" content=\"Tocado en fibra natural, sinamay en gris plata, flor en seda azul oc\u00e9ano.\" \/>\n<meta property=\"og:url\" content=\"https:\/\/dininadesign.com\/es\/producto\/tocado-gris-plata-y-azul\/\" \/>\n<meta property=\"og:site_name\" content=\"Dinina Design - Vestu\u00e1rio Exquisitely nos A\u00e7ores\" \/>\n<meta property=\"article:modified_time\" content=\"2023-03-09T10:49:55+00:00\" \/>\n<meta property=\"og:image\" content=\"https:\/\/dininadesign.com\/wp-content\/uploads\/2023\/03\/chapeu-cinza-prata-3-produto-3-e1681832816554.jpeg\" \/>\n\t<meta property=\"og:image:width\" content=\"720\" \/>\n\t<meta property=\"og:image:height\" content=\"960\" \/>\n\t<meta property=\"og:image:type\" content=\"image\/jpeg\" \/>\n<meta name=\"twitter:card\" content=\"summary_large_image\" \/>\n<script type=\"application\/ld+json\" class=\"yoast-schema-graph\">{\"@context\":\"https:\/\/schema.org\",\"@graph\":[{\"@type\":\"WebPage\",\"@id\":\"https:\/\/dininadesign.com\/es\/producto\/tocado-gris-plata-y-azul\/\",\"url\":\"https:\/\/dininadesign.com\/es\/producto\/tocado-gris-plata-y-azul\/\",\"name\":\"Tocado - Gris Plata y Azul - Dinina Design - Vestu\u00e1rio Exquisitely nos A\u00e7ores\",\"isPartOf\":{\"@id\":\"https:\/\/dininadesign.com\/#website\"},\"datePublished\":\"2023-03-08T17:52:19+00:00\",\"dateModified\":\"2023-03-09T10:49:55+00:00\",\"breadcrumb\":{\"@id\":\"https:\/\/dininadesign.com\/es\/producto\/tocado-gris-plata-y-azul\/#breadcrumb\"},\"inLanguage\":\"es\",\"potentialAction\":[{\"@type\":\"ReadAction\",\"target\":[\"https:\/\/dininadesign.com\/es\/producto\/tocado-gris-plata-y-azul\/\"]}]},{\"@type\":\"BreadcrumbList\",\"@id\":\"https:\/\/dininadesign.com\/es\/producto\/tocado-gris-plata-y-azul\/#breadcrumb\",\"itemListElement\":[{\"@type\":\"ListItem\",\"position\":1,\"name\":\"Home\",\"item\":\"https:\/\/dininadesign.com\/es\/\"},{\"@type\":\"ListItem\",\"position\":2,\"name\":\"Tienda\",\"item\":\"https:\/\/dininadesign.com\/es\/tienda\/\"},{\"@type\":\"ListItem\",\"position\":3,\"name\":\"Tocado &#8211; Gris Plata y Azul\"}]},{\"@type\":\"WebSite\",\"@id\":\"https:\/\/dininadesign.com\/#website\",\"url\":\"https:\/\/dininadesign.com\/\",\"name\":\"Dinina Design - Vestu\u00e1rio Exquisitely nos A\u00e7ores\",\"description\":\"\",\"publisher\":{\"@id\":\"https:\/\/dininadesign.com\/#organization\"},\"potentialAction\":[{\"@type\":\"SearchAction\",\"target\":{\"@type\":\"EntryPoint\",\"urlTemplate\":\"https:\/\/dininadesign.com\/?s={search_term_string}\"},\"query-input\":\"required name=search_term_string\"}],\"inLanguage\":\"es\"},{\"@type\":\"Organization\",\"@id\":\"https:\/\/dininadesign.com\/#organization\",\"name\":\"Dinina Design - Vestu\u00e1rio Exquisitely nos A\u00e7ores\",\"url\":\"https:\/\/dininadesign.com\/\",\"sameAs\":[],\"logo\":{\"@type\":\"ImageObject\",\"inLanguage\":\"es\",\"@id\":\"https:\/\/dininadesign.com\/#\/schema\/logo\/image\/\",\"url\":\"https:\/\/dininadesign.com\/wp-content\/uploads\/2022\/09\/15994617-1237494872999923-1463050223110012379-o.jpg\",\"contentUrl\":\"https:\/\/dininadesign.com\/wp-content\/uploads\/2022\/09\/15994617-1237494872999923-1463050223110012379-o.jpg\",\"width\":720,\"height\":720,\"caption\":\"Dinina Design - Vestu\u00e1rio Exquisitely nos A\u00e7ores\"},\"image\":{\"@id\":\"https:\/\/dininadesign.com\/#\/schema\/logo\/image\/\"}}]}<\/script>\n<!-- \/ Yoast SEO plugin. -->","yoast_head_json":{"title":"Tocado - Gris Plata y Azul - Dinina Design - Vestu\u00e1rio Exquisitely nos A\u00e7ores","robots":{"index":"index","follow":"follow","max-snippet":"max-snippet:-1","max-image-preview":"max-image-preview:large","max-video-preview":"max-video-preview:-1"},"canonical":"https:\/\/dininadesign.com\/es\/producto\/tocado-gris-plata-y-azul\/","og_locale":"es_ES","og_type":"article","og_title":"Tocado - Gris Plata y Azul - Dinina Design - Vestu\u00e1rio Exquisitely nos A\u00e7ores","og_description":"Tocado en fibra natural, sinamay en gris plata, flor en seda azul oc\u00e9ano.","og_url":"https:\/\/dininadesign.com\/es\/producto\/tocado-gris-plata-y-azul\/","og_site_name":"Dinina Design - Vestu\u00e1rio Exquisitely nos A\u00e7ores","article_modified_time":"2023-03-09T10:49:55+00:00","og_image":[{"width":720,"height":960,"url":"https:\/\/dininadesign.com\/wp-content\/uploads\/2023\/03\/chapeu-cinza-prata-3-produto-3-e1681832816554.jpeg","type":"image\/jpeg"}],"twitter_card":"summary_large_image","schema":{"@context":"https:\/\/schema.org","@graph":[{"@type":"WebPage","@id":"https:\/\/dininadesign.com\/es\/producto\/tocado-gris-plata-y-azul\/","url":"https:\/\/dininadesign.com\/es\/producto\/tocado-gris-plata-y-azul\/","name":"Tocado - Gris Plata y Azul - Dinina Design - Vestu\u00e1rio Exquisitely nos A\u00e7ores","isPartOf":{"@id":"https:\/\/dininadesign.com\/#website"},"datePublished":"2023-03-08T17:52:19+00:00","dateModified":"2023-03-09T10:49:55+00:00","breadcrumb":{"@id":"https:\/\/dininadesign.com\/es\/producto\/tocado-gris-plata-y-azul\/#breadcrumb"},"inLanguage":"es","potentialAction":[{"@type":"ReadAction","target":["https:\/\/dininadesign.com\/es\/producto\/tocado-gris-plata-y-azul\/"]}]},{"@type":"BreadcrumbList","@id":"https:\/\/dininadesign.com\/es\/producto\/tocado-gris-plata-y-azul\/#breadcrumb","itemListElement":[{"@type":"ListItem","position":1,"name":"Home","item":"https:\/\/dininadesign.com\/es\/"},{"@type":"ListItem","position":2,"name":"Tienda","item":"https:\/\/dininadesign.com\/es\/tienda\/"},{"@type":"ListItem","position":3,"name":"Tocado &#8211; Gris Plata y Azul"}]},{"@type":"WebSite","@id":"https:\/\/dininadesign.com\/#website","url":"https:\/\/dininadesign.com\/","name":"Dinina Design - Vestu\u00e1rio Exquisitely nos A\u00e7ores","description":"","publisher":{"@id":"https:\/\/dininadesign.com\/#organization"},"potentialAction":[{"@type":"SearchAction","target":{"@type":"EntryPoint","urlTemplate":"https:\/\/dininadesign.com\/?s={search_term_string}"},"query-input":"required name=search_term_string"}],"inLanguage":"es"},{"@type":"Organization","@id":"https:\/\/dininadesign.com\/#organization","name":"Dinina Design - Vestu\u00e1rio Exquisitely nos A\u00e7ores","url":"https:\/\/dininadesign.com\/","sameAs":[],"logo":{"@type":"ImageObject","inLanguage":"es","@id":"https:\/\/dininadesign.com\/#\/schema\/logo\/image\/","url":"https:\/\/dininadesign.com\/wp-content\/uploads\/2022\/09\/15994617-1237494872999923-1463050223110012379-o.jpg","contentUrl":"https:\/\/dininadesign.com\/wp-content\/uploads\/2022\/09\/15994617-1237494872999923-1463050223110012379-o.jpg","width":720,"height":720,"caption":"Dinina Design - Vestu\u00e1rio Exquisitely nos A\u00e7ores"},"image":{"@id":"https:\/\/dininadesign.com\/#\/schema\/logo\/image\/"}}]}},"_links":{"self":[{"href":"https:\/\/dininadesign.com\/es\/wp-json\/wp\/v2\/product\/1028"}],"collection":[{"href":"https:\/\/dininadesign.com\/es\/wp-json\/wp\/v2\/product"}],"about":[{"href":"https:\/\/dininadesign.com\/es\/wp-json\/wp\/v2\/types\/product"}],"wp:featuredmedia":[{"embeddable":true,"href":"https:\/\/dininadesign.com\/es\/wp-json\/wp\/v2\/media\/778"}],"wp:attachment":[{"href":"https:\/\/dininadesign.com\/es\/wp-json\/wp\/v2\/media?parent=1028"}],"wp:term":[{"taxonomy":"product_cat","embeddable":true,"href":"https:\/\/dininadesign.com\/es\/wp-json\/wp\/v2\/product_cat?post=1028"},{"taxonomy":"product_tag","embeddable":true,"href":"https:\/\/dininadesign.com\/es\/wp-json\/wp\/v2\/product_tag?post=1028"}],"curies":[{"name":"wp","href":"https:\/\/api.w.org\/{rel}","templated":true}]}}