{"id":168,"date":"2022-09-23T10:43:30","date_gmt":"2022-09-23T10:43:30","guid":{"rendered":"https:\/\/dininadesign.com\/?page_id=168"},"modified":"2023-03-31T15:23:27","modified_gmt":"2023-03-31T15:23:27","slug":"a-propos-de-nous","status":"publish","type":"page","link":"https:\/\/dininadesign.com\/fr\/a-propos-de-nous\/","title":{"rendered":"A propos de nous"},"content":{"rendered":"","protected":false},"excerpt":{"rendered":"","protected":false},"author":1,"featured_media":1158,"parent":0,"menu_order":0,"comment_status":"closed","ping_status":"closed","template":"template-sobre-nos.php","meta":[],"acf":[],"yoast_head":"<!-- This site is optimized with the Yoast SEO plugin v19.7.1 - https:\/\/yoast.com\/wordpress\/plugins\/seo\/ -->\n<title>Boutique de V\u00eatements aux A\u00e7ores | Conna\u00eet la Dinina Design<\/title>\n<meta name=\"description\" content=\"Chez Dinina Desgin, nous sommes un boutique de v\u00eatements et d\u2019accessoires con\u00e7us uniquement avec le d\u00e9sir de garantir un raffinement unique.\" \/>\n<meta name=\"robots\" content=\"index, follow, max-snippet:-1, max-image-preview:large, max-video-preview:-1\" \/>\n<link rel=\"canonical\" href=\"https:\/\/dininadesign.com\/fr\/a-propos-de-nous\/\" \/>\n<meta property=\"og:locale\" content=\"fr_FR\" \/>\n<meta property=\"og:type\" content=\"article\" \/>\n<meta property=\"og:title\" content=\"Boutique de V\u00eatements aux A\u00e7ores | Conna\u00eet la Dinina Design\" \/>\n<meta property=\"og:description\" content=\"Chez Dinina Desgin, nous sommes un boutique de v\u00eatements et d\u2019accessoires con\u00e7us uniquement avec le d\u00e9sir de garantir un raffinement unique.\" \/>\n<meta property=\"og:url\" content=\"https:\/\/dininadesign.com\/fr\/a-propos-de-nous\/\" \/>\n<meta property=\"og:site_name\" content=\"Dinina Design - Vestu\u00e1rio Exquisitely nos A\u00e7ores\" \/>\n<meta property=\"article:modified_time\" content=\"2023-03-31T15:23:27+00:00\" \/>\n<meta property=\"og:image\" content=\"https:\/\/dininadesign.com\/wp-content\/uploads\/2023\/03\/biquini.jpeg\" \/>\n\t<meta property=\"og:image:width\" content=\"1440\" \/>\n\t<meta property=\"og:image:height\" content=\"1440\" \/>\n\t<meta property=\"og:image:type\" content=\"image\/jpeg\" \/>\n<meta name=\"twitter:card\" content=\"summary_large_image\" \/>\n<script type=\"application\/ld+json\" class=\"yoast-schema-graph\">{\"@context\":\"https:\/\/schema.org\",\"@graph\":[{\"@type\":\"WebPage\",\"@id\":\"https:\/\/dininadesign.com\/fr\/a-propos-de-nous\/\",\"url\":\"https:\/\/dininadesign.com\/fr\/a-propos-de-nous\/\",\"name\":\"Boutique de V\u00eatements aux A\u00e7ores | Conna\u00eet la Dinina Design\",\"isPartOf\":{\"@id\":\"https:\/\/dininadesign.com\/#website\"},\"datePublished\":\"2022-09-23T10:43:30+00:00\",\"dateModified\":\"2023-03-31T15:23:27+00:00\",\"description\":\"Chez Dinina Desgin, nous sommes un boutique de v\u00eatements et d\u2019accessoires con\u00e7us uniquement avec le d\u00e9sir de garantir un raffinement unique.\",\"breadcrumb\":{\"@id\":\"https:\/\/dininadesign.com\/fr\/a-propos-de-nous\/#breadcrumb\"},\"inLanguage\":\"fr-FR\",\"potentialAction\":[{\"@type\":\"ReadAction\",\"target\":[\"https:\/\/dininadesign.com\/fr\/a-propos-de-nous\/\"]}]},{\"@type\":\"BreadcrumbList\",\"@id\":\"https:\/\/dininadesign.com\/fr\/a-propos-de-nous\/#breadcrumb\",\"itemListElement\":[{\"@type\":\"ListItem\",\"position\":1,\"name\":\"Home\",\"item\":\"https:\/\/dininadesign.com\/fr\/\"},{\"@type\":\"ListItem\",\"position\":2,\"name\":\"A propos de nous\"}]},{\"@type\":\"WebSite\",\"@id\":\"https:\/\/dininadesign.com\/#website\",\"url\":\"https:\/\/dininadesign.com\/\",\"name\":\"Dinina Design - Vestu\u00e1rio Exquisitely nos A\u00e7ores\",\"description\":\"\",\"publisher\":{\"@id\":\"https:\/\/dininadesign.com\/#organization\"},\"potentialAction\":[{\"@type\":\"SearchAction\",\"target\":{\"@type\":\"EntryPoint\",\"urlTemplate\":\"https:\/\/dininadesign.com\/?s={search_term_string}\"},\"query-input\":\"required name=search_term_string\"}],\"inLanguage\":\"fr-FR\"},{\"@type\":\"Organization\",\"@id\":\"https:\/\/dininadesign.com\/#organization\",\"name\":\"Dinina Design - Vestu\u00e1rio Exquisitely nos A\u00e7ores\",\"url\":\"https:\/\/dininadesign.com\/\",\"sameAs\":[],\"logo\":{\"@type\":\"ImageObject\",\"inLanguage\":\"fr-FR\",\"@id\":\"https:\/\/dininadesign.com\/#\/schema\/logo\/image\/\",\"url\":\"https:\/\/dininadesign.com\/wp-content\/uploads\/2022\/09\/15994617-1237494872999923-1463050223110012379-o.jpg\",\"contentUrl\":\"https:\/\/dininadesign.com\/wp-content\/uploads\/2022\/09\/15994617-1237494872999923-1463050223110012379-o.jpg\",\"width\":720,\"height\":720,\"caption\":\"Dinina Design - Vestu\u00e1rio Exquisitely nos A\u00e7ores\"},\"image\":{\"@id\":\"https:\/\/dininadesign.com\/#\/schema\/logo\/image\/\"}}]}<\/script>\n<!-- \/ Yoast SEO plugin. -->","yoast_head_json":{"title":"Boutique de V\u00eatements aux A\u00e7ores | Conna\u00eet la Dinina Design","description":"Chez Dinina Desgin, nous sommes un boutique de v\u00eatements et d\u2019accessoires con\u00e7us uniquement avec le d\u00e9sir de garantir un raffinement unique.","robots":{"index":"index","follow":"follow","max-snippet":"max-snippet:-1","max-image-preview":"max-image-preview:large","max-video-preview":"max-video-preview:-1"},"canonical":"https:\/\/dininadesign.com\/fr\/a-propos-de-nous\/","og_locale":"fr_FR","og_type":"article","og_title":"Boutique de V\u00eatements aux A\u00e7ores | Conna\u00eet la Dinina Design","og_description":"Chez Dinina Desgin, nous sommes un boutique de v\u00eatements et d\u2019accessoires con\u00e7us uniquement avec le d\u00e9sir de garantir un raffinement unique.","og_url":"https:\/\/dininadesign.com\/fr\/a-propos-de-nous\/","og_site_name":"Dinina Design - Vestu\u00e1rio Exquisitely nos A\u00e7ores","article_modified_time":"2023-03-31T15:23:27+00:00","og_image":[{"width":1440,"height":1440,"url":"https:\/\/dininadesign.com\/wp-content\/uploads\/2023\/03\/biquini.jpeg","type":"image\/jpeg"}],"twitter_card":"summary_large_image","schema":{"@context":"https:\/\/schema.org","@graph":[{"@type":"WebPage","@id":"https:\/\/dininadesign.com\/fr\/a-propos-de-nous\/","url":"https:\/\/dininadesign.com\/fr\/a-propos-de-nous\/","name":"Boutique de V\u00eatements aux A\u00e7ores | Conna\u00eet la Dinina Design","isPartOf":{"@id":"https:\/\/dininadesign.com\/#website"},"datePublished":"2022-09-23T10:43:30+00:00","dateModified":"2023-03-31T15:23:27+00:00","description":"Chez Dinina Desgin, nous sommes un boutique de v\u00eatements et d\u2019accessoires con\u00e7us uniquement avec le d\u00e9sir de garantir un raffinement unique.","breadcrumb":{"@id":"https:\/\/dininadesign.com\/fr\/a-propos-de-nous\/#breadcrumb"},"inLanguage":"fr-FR","potentialAction":[{"@type":"ReadAction","target":["https:\/\/dininadesign.com\/fr\/a-propos-de-nous\/"]}]},{"@type":"BreadcrumbList","@id":"https:\/\/dininadesign.com\/fr\/a-propos-de-nous\/#breadcrumb","itemListElement":[{"@type":"ListItem","position":1,"name":"Home","item":"https:\/\/dininadesign.com\/fr\/"},{"@type":"ListItem","position":2,"name":"A propos de nous"}]},{"@type":"WebSite","@id":"https:\/\/dininadesign.com\/#website","url":"https:\/\/dininadesign.com\/","name":"Dinina Design - Vestu\u00e1rio Exquisitely nos A\u00e7ores","description":"","publisher":{"@id":"https:\/\/dininadesign.com\/#organization"},"potentialAction":[{"@type":"SearchAction","target":{"@type":"EntryPoint","urlTemplate":"https:\/\/dininadesign.com\/?s={search_term_string}"},"query-input":"required name=search_term_string"}],"inLanguage":"fr-FR"},{"@type":"Organization","@id":"https:\/\/dininadesign.com\/#organization","name":"Dinina Design - Vestu\u00e1rio Exquisitely nos A\u00e7ores","url":"https:\/\/dininadesign.com\/","sameAs":[],"logo":{"@type":"ImageObject","inLanguage":"fr-FR","@id":"https:\/\/dininadesign.com\/#\/schema\/logo\/image\/","url":"https:\/\/dininadesign.com\/wp-content\/uploads\/2022\/09\/15994617-1237494872999923-1463050223110012379-o.jpg","contentUrl":"https:\/\/dininadesign.com\/wp-content\/uploads\/2022\/09\/15994617-1237494872999923-1463050223110012379-o.jpg","width":720,"height":720,"caption":"Dinina Design - Vestu\u00e1rio Exquisitely nos A\u00e7ores"},"image":{"@id":"https:\/\/dininadesign.com\/#\/schema\/logo\/image\/"}}]}},"_links":{"self":[{"href":"https:\/\/dininadesign.com\/fr\/wp-json\/wp\/v2\/pages\/168"}],"collection":[{"href":"https:\/\/dininadesign.com\/fr\/wp-json\/wp\/v2\/pages"}],"about":[{"href":"https:\/\/dininadesign.com\/fr\/wp-json\/wp\/v2\/types\/page"}],"author":[{"embeddable":true,"href":"https:\/\/dininadesign.com\/fr\/wp-json\/wp\/v2\/users\/1"}],"replies":[{"embeddable":true,"href":"https:\/\/dininadesign.com\/fr\/wp-json\/wp\/v2\/comments?post=168"}],"version-history":[{"count":6,"href":"https:\/\/dininadesign.com\/fr\/wp-json\/wp\/v2\/pages\/168\/revisions"}],"predecessor-version":[{"id":1009,"href":"https:\/\/dininadesign.com\/fr\/wp-json\/wp\/v2\/pages\/168\/revisions\/1009"}],"wp:featuredmedia":[{"embeddable":true,"href":"https:\/\/dininadesign.com\/fr\/wp-json\/wp\/v2\/media\/1158"}],"wp:attachment":[{"href":"https:\/\/dininadesign.com\/fr\/wp-json\/wp\/v2\/media?parent=168"}],"curies":[{"name":"wp","href":"https:\/\/api.w.org\/{rel}","templated":true}]}}