{"id":193,"date":"2022-09-23T10:32:27","date_gmt":"2022-09-23T10:32:27","guid":{"rendered":"https:\/\/dininadesign.com\/condicoes-gerais\/"},"modified":"2023-03-31T13:10:08","modified_gmt":"2023-03-31T13:10:08","slug":"termes-et-conditions","status":"publish","type":"page","link":"https:\/\/dininadesign.com\/fr\/termes-et-conditions\/","title":{"rendered":"Termes et Conditions"},"content":{"rendered":"<p><strong>CONDITIONS GENERALES DE VENTE<\/strong><\/p>\n<p>&nbsp;<\/p>\n<p><strong>PR\u00c9AMBULE:<\/strong><\/p>\n<p>1. Les pr\u00e9sentes conditions g\u00e9n\u00e9rales de vente en ligne, ci-apr\u00e8s d\u00e9nomm\u00e9es [CONDITIONS], sont convenues entre [ENTREPRISE] dont le si\u00e8ge est situ\u00e9 R. Coronel \u00c2ngelo Manuel Albergaria Pacheco, 3, 9560-035 Lagoa (S\u00e3o Miguel), NIPC 216303010, inscrite au registre du commerce de Ponta Delgada, et les personnes qui, en utilisant le site Internet de Claudia Maria de Sousa Gon\u00e7alves Amaral Borges, souhaitent effectuer des achats sur la boutique en ligne, ci-apr\u00e8s d\u00e9nomm\u00e9e [SITE].<\/p>\n<p>2. Les pr\u00e9sentes conditions s&#8217;appliquent exclusivement aux personnes physiques non commer\u00e7antes ci-apr\u00e8s d\u00e9sign\u00e9es par [UTILISATEUR], entendu comme telle toute personne physique qui agit \u00e0 des fins n&#8217;entrant pas dans le cadre de son activit\u00e9 professionnelle, commerciale, industrielle ou artisanale.<\/p>\n<p>3. L&#8217;UTILISATEUR doit lire attentivement les conditions g\u00e9n\u00e9rales de vente, le liant express\u00e9ment, en cliquant sur le bouton &#8220;J&#8217;accepte les conditions g\u00e9n\u00e9rales de vente&#8221;, donc, s&#8217;il n&#8217;est pas d&#8217;accord, il ne doit pas faire la commande ou l&#8217;achat. .<\/p>\n<p>4. Ces conditions g\u00e9n\u00e9rales ne s&#8217;appliqueront pas s&#8217;il s&#8217;av\u00e8re, par le biais de la commande pass\u00e9e, que l&#8217;UTILISATEUR n&#8217;est pas un consommateur final, tel que d\u00e9fini au paragraphe c) de l&#8217;article 3 du d\u00e9cret-loi n\u00b0 24\/2014 du 14 f\u00e9vrier.<\/p>\n<p>5. Claudia Maria de Sousa Gon\u00e7alves Amaral Borges se r\u00e9serve le droit, sans pr\u00e9avis, d&#8217;ajouter, de modifier ou d&#8217;alt\u00e9rer les pr\u00e9sentes conditions g\u00e9n\u00e9rales de vente en ligne, de changer le prix de vente, de modifier ou de remplacer les produits disponibles, \u00e9tant entendu que l&#8217;UTILISATEUR, en pla\u00e7ant un nouvelle commande ou achat, accepte et est express\u00e9ment li\u00e9 par les nouvelles conditions g\u00e9n\u00e9rales et prix de vente.<\/p>\n<p>&nbsp;<\/p>\n<p><strong>1. D\u00c9FINITIONS<\/strong><\/p>\n<p>1.1. Le VENDEUR ci-apr\u00e8s d\u00e9nomm\u00e9 [VENDEUR] est une personne morale ou un entrepreneur individuel qui a des produits en vente sur le SITE.<\/p>\n<p>1.2. L&#8217;UTILISATEUR est une personne physique qui agit \u00e0 des fins qui n&#8217;entrent pas dans le cadre de son activit\u00e9 commerciale, industrielle, artisanale ou professionnelle et qui, en utilisant le SITE, passe des commandes de produits ou des achats de produits.<\/p>\n<p>1.3. PRODUIT OU COMMANDE : article du SITE destin\u00e9 \u00e0 la vente en ligne.<\/p>\n<p>1.4. PRODUIT SPECIFIQUE : (article fabriqu\u00e9 ou commercialis\u00e9 de mani\u00e8re personnalis\u00e9e OU Article qui appara\u00eet sur le site avec la d\u00e9signation d&#8217;un produit sp\u00e9cifique OU Article r\u00e9alis\u00e9 sur commande avec ses caract\u00e9ristiques propres ? (CHOISIR UNE HYPOTH\u00c8SE)<\/p>\n<p>1.5. PRODUIT SUR COMMANDE : produit command\u00e9 par un utilisateur qui n&#8217;est pas disponible en stock;<\/p>\n<p>&nbsp;<\/p>\n<p><strong>PRODUITS ET PRIX<\/strong><\/p>\n<p>2. La SOCIETE propose, \u00e0 travers le SITE, une large gamme de produits \u00e0 la vente.<\/p>\n<p>3. L&#8217;offre se r\u00e9f\u00e9rant \u00e0 chacun des produits est limit\u00e9e au stock existant.<\/p>\n<p>4. Tous les prix incluent la TVA au taux l\u00e9gal en vigueur dans la R\u00e9gion Autonome des A\u00e7ores.<\/p>\n<p>5. Les prix sont toujours indiqu\u00e9s en euros.<\/p>\n<p>6. Les images pr\u00e9sent\u00e9es peuvent ne pas correspondre exactement au produit pr\u00e9sent\u00e9. Pour des raisons techniques, les couleurs pr\u00e9sent\u00e9es peuvent \u00e9galement diff\u00e9rer l\u00e9g\u00e8rement des couleurs r\u00e9elles.<\/p>\n<p>7. Dans des cas tr\u00e8s sp\u00e9cifiques, les descriptions peuvent contenir des erreurs et, par cons\u00e9quent, la description du fabricant doit \u00e9galement \u00eatre consult\u00e9e.<\/p>\n<p>8. Les produits fabriqu\u00e9s sur commande ci-apr\u00e8s d\u00e9nomm\u00e9s [COMMANDE] prennent en moyenne jusqu&#8217;\u00e0 deux semaines en cas de rupture de stock avant d&#8217;\u00eatre disponibles, ou s&#8217;agissant de produits sp\u00e9cifiques, ils peuvent prendre plus de temps.<\/p>\n<p>9. Les sp\u00e9cifications techniques, la conception du produit ou les couleurs peuvent \u00eatre modifi\u00e9es sans pr\u00e9avis.<\/p>\n<p>10. Le SITE est mis \u00e0 jour avec le plus grand soin, mais il peut arriver que les informations concernant le prix contiennent des erreurs, donc Claudia Maria de Sousa Gon\u00e7alves Amaral Borges ne s&#8217;engage pas \u00e0 l&#8217;offre, se r\u00e9servant le droit d&#8217;annuler la commande dans le cas o\u00f9 une telle une erreur se produit.<\/p>\n<p>11. Claudia Maria de Sousa Gon\u00e7alves Amaral Borges d\u00e9cline toute responsabilit\u00e9 pour toute autre erreur survenant sur le SITE, ou si le SITE est inaccessible.<\/p>\n<p>12. Le poids de chacun des produits indiqu\u00e9 sur le SITE ne correspond pas \u00e0 son poids exact, mais \u00e0 un poids approximatif d\u00fb au poids des mat\u00e9riaux d&#8217;emballage pour l&#8217;exp\u00e9dition.<\/p>\n<p>&nbsp;<\/p>\n<p><strong>DEMANDE DE PRODUIT OU DE COMMANDE<\/strong><\/p>\n<p>13. Les commandes sur le SITE peuvent \u00eatre pass\u00e9es 24 heures sur 24, 7 jours sur 7, sauf en cas d&#8217;\u00e9chec d\u00fb \u00e0 un cas de force majeure.<\/p>\n<p>14. Lors de votre navigation sur le SITE, vous pouvez ajouter au panier en cliquant sur le bouton \u00ab acheter \u00bb\/\u00ab ajouter \u00bb.<\/p>\n<p>15. Lorsque vous avez termin\u00e9 de s\u00e9lectionner les produits, vous pouvez s\u00e9lectionner l&#8217;option, en haut du SITE, &#8220;x produits&#8221; \/ &#8220;Panier&#8221;, pour effectuer et finaliser l&#8217;achat.<\/p>\n<p>16. Dans le champ &#8220;exp\u00e9ditions&#8221;, vous pouvez choisir de venir chercher dans notre magasin de Ponta Delgada, situ\u00e9 \u00e0 R. Coronel \u00c2ngelo Manuel Albergaria Pacheco, 3, 9560-035 Lagoa (S\u00e3o Miguel).<\/p>\n<p>16.1 Nous livrons au Portugal continental, aux A\u00e7ores et aux \u00eeles de Mad\u00e8re.<\/p>\n<p>16.2 Avec la collecte au magasin de Ponta Delgada, il n&#8217;y a pas de frais d&#8217;exp\u00e9dition.<\/p>\n<p>17. Seules les commandes livr\u00e9es au Portugal continental et dans les r\u00e9gions autonomes de Mad\u00e8re et des A\u00e7ores seront accept\u00e9es.<\/p>\n<p>18. Apr\u00e8s avoir saisi vos donn\u00e9es personnelles, confirmez \u00e9galement votre intention de passer la COMMANDE.<\/p>\n<p>19. Une fois confirm\u00e9e, la COMMANDE sera trait\u00e9e et ne pourra plus \u00eatre annul\u00e9e, \u00e0 l&#8217;exception du droit de r\u00e9tractation dans les conditions des points 30 \u00e0 33.<\/p>\n<p>20. Votre COMMANDE ne sera pas accept\u00e9e et le contrat ne sera pas conclu tant que vous n&#8217;aurez pas re\u00e7u, par e-mail, la confirmation de l&#8217;acceptation de la commande et effectu\u00e9 son paiement.<\/p>\n<p>21. Le paiement doit \u00eatre effectu\u00e9 lors de la confirmation de la COMMANDE.<\/p>\n<p>22. Les modes de paiement accept\u00e9s sont : r\u00e9f\u00e9rence ATM ou virement bancaire ;<\/p>\n<p><span style=\"font-weight: 400\"><br \/>\n<\/span><span style=\"font-weight: 400\"><br \/>\n<\/span><\/p>\n<p><strong>LIVRAISON DE COLIS<\/strong><\/p>\n<p>23. LA COMMANDE sera livr\u00e9e par courrier (ctt, transitaire, ems ou autre service).<\/p>\n<p>24. Le d\u00e9lai de livraison sera en principe de 48 heures en jours ouvr\u00e9s, \u00e0 compter de la date de r\u00e9ception et de confirmation du paiement de la COMMANDE par notre soci\u00e9t\u00e9, sauf \u00e9puisement des stocks, auquel cas un d\u00e9lai de livraison alternatif sera propos\u00e9, \u00e0 l&#8217;exception des produits personnalis\u00e9s, dont la personnalisation peut prendre plus de temps.<\/p>\n<p>25. Si personne n&#8217;est trouv\u00e9 \u00e0 l&#8217;adresse indiqu\u00e9e, la COMMANDE restera \u00e0 la gare ctt ou au transitaire dans la zone d&#8217;adresse susmentionn\u00e9e, pendant 3 jours ouvrables, apr\u00e8s quoi elle sera retourn\u00e9e \u00e0 l&#8217;entreprise. Pass\u00e9 ce d\u00e9lai, les articles reviendront \u00e0 Claudia Maria de Sousa Gon\u00e7alves Amaral Borges et plus tard le client sera contact\u00e9 et une nouvelle livraison sera programm\u00e9e, qui sera \u00e0 la charge du client.<\/p>\n<p>&nbsp;<\/p>\n<p><strong>GARANTIE<\/strong><\/p>\n<p>26. Les articles achet\u00e9s sur le SITE sont garantis deux ans, sauf mention expresse contraire.<\/p>\n<p>27. Pour b\u00e9n\u00e9ficier de cette garantie, l&#8217;UTILISATEUR doit conserver la facture comme preuve d&#8217;achat.<\/p>\n<p>28. La SOCIETE n&#8217;est qu&#8217;un revendeur. Tous les produits vendus par la SOCIETE ne sont pas fabriqu\u00e9s par nous. La garantie du produit est donn\u00e9e par le fabricant respectif conform\u00e9ment aux termes de la loi et que le fabricant s&#8217;engage \u00e0 donner et jusqu&#8217;\u00e0 un maximum de 2 ans \u00e0 compter de la date d&#8217;achat.<\/p>\n<p>29. Si vous rencontrez des difficult\u00e9s lors de l&#8217;installation\/l&#8217;utilisation d&#8217;un produit, commencez par vous assurer que vous suivez toutes les instructions contenues dans les manuels d&#8217;instructions du fabricant. Si le probl\u00e8me persiste, contactez directement le fabricant ou notre soci\u00e9t\u00e9.<\/p>\n<p>29.1. Nous faisons de notre mieux pour que votre produit soit \u00e9chang\u00e9 le plus rapidement possible, mais le temps de r\u00e9solution ne d\u00e9pend pas seulement de nous. Tous les produits qui entrent dans nos installations sont test\u00e9s et exp\u00e9di\u00e9s dans un d\u00e9lai maximum de 48 heures. D\u00e8s lors, il devient la responsabilit\u00e9 des fabricants et des fournisseurs.<\/p>\n<p>29.2. Dans le cas de produits discontinu\u00e9s, l&#8217;\u00e9change pourra \u00eatre effectu\u00e9 pour un produit \u00e9quivalent ou sup\u00e9rieur actuellement en vente, mais cet \u00e9change est \u00e0 la charge du fournisseur ou du fabricant, si cela n&#8217;est pas possible, la valeur pourra \u00eatre rembours\u00e9e.<\/p>\n<p>&nbsp;<\/p>\n<p><strong>R\u00e9siliation du contrat et retours<\/strong><\/p>\n<p>30. L&#8217;UTILISATEUR a le droit d&#8217;annuler l&#8217;achat s&#8217;il ne re\u00e7oit pas son produit dans un d\u00e9lai maximum de 30 jours et les frais de port sont \u00e0 la charge du client.<\/p>\n<p>31. L&#8217;UTILISATEUR peut r\u00e9silier librement le contrat conclu et ex\u00e9cut\u00e9 sur le SITE, conform\u00e9ment \u00e0 l&#8217;article 10 du d\u00e9cret-loi n\u00b0 24\/2014 du 14 f\u00e9vrier, l&#8217;UTILISATEUR \u00e9tant responsable des frais ou des frais de port du retour. \u00c0 cette fin, l&#8217;utilisateur doit, dans un d\u00e9lai maximum de 14 jours \u00e0 compter de la date de r\u00e9ception, \u00e0 l&#8217;adresse R. Coronel \u00c2ngelo Manuel Albergaria Pacheco, 3, 9560-035 Lagoa (S\u00e3o Miguel) exercer ce droit en envoyant une lettre recommand\u00e9e avec accus\u00e9 de r\u00e9ception.<\/p>\n<p>32. En cas de r\u00e9siliation contractuelle, le client dispose d&#8217;un d\u00e9lai maximum de 30 jours, \u00e0 compter de la date de r\u00e9ception de la commande, pour retourner le(s) produit(s) achet\u00e9(s) avec tous ses accessoires et avec le(s) emballage(s) respectif(s), en excellent \u00e9tat, sans rayures ni traces d&#8217;utilisation et mode d&#8217;emploi accompagn\u00e9 d&#8217;une copie de la facture de vente et du document prouvant la r\u00e9ception de la commande et comme expliqu\u00e9 :<\/p>\n<p>a)- Livres rigoureusement dans leur \u00e9tat d&#8217;origine, sans signes d&#8217;usage, plis, marques, pages d\u00e9chir\u00e9es, froiss\u00e9es, \u00e9crites ;<\/p>\n<p>b) &#8211; Films, TV et Musique : CD, DVD, Vinyle, etc. avec un emballage non ouvert et des scell\u00e9s intacts\u00a0;<\/p>\n<p>c) &#8211; Logiciels et jeux vid\u00e9o dont l&#8217;emballage n&#8217;a pas \u00e9t\u00e9 ouvert et dont les scell\u00e9s sont intacts\u00a0;<\/p>\n<p>d) &#8211; \u00c9lectronique (TV, Audio, Vid\u00e9o, Informatique, GPS, etc.) avec des produits ne pr\u00e9sentant aucun signe de mauvaise utilisation. Retour du produit complet, avec tous ses composants et accessoires, manuel d&#8217;instructions et emballage d&#8217;origine en parfait \u00e9tat\u00a0;<\/p>\n<p>e) &#8211; V\u00eatements, chaussures et accessoires dans leur \u00e9tat d&#8217;origine et avec tous les emballages et \u00e9tiquettes\u00a0;<\/p>\n<p>f)- Autres produits sans signes de mauvaise utilisation. Retour du produit complet, avec tous ses composants et accessoires, manuel d&#8217;instructions et emballage d&#8217;origine en parfait \u00e9tat\u00a0;<\/p>\n<p>Le consommateur perd le droit de r\u00e9tractation sans frais si les conditions ci-dessus ne sont pas remplies.<\/p>\n<p>33. Apr\u00e8s r\u00e9ception de la commande retourn\u00e9e et de tous les documents vis\u00e9s au point pr\u00e9c\u00e9dent, la soci\u00e9t\u00e9 proc\u00e9dera au remboursement, de pr\u00e9f\u00e9rence par le m\u00eame moyen de paiement si possible, dans un d\u00e9lai maximum de 14 jours, des sommes vers\u00e9es par le client, sans aucun frais. pour ce dernier, hors frais de retour ou d&#8217;affranchissement.<\/p>\n<p><span style=\"font-weight: 400\">\u00a0<\/span><\/p>\n<p>34. Litiges de consommation<\/p>\n<p>L&#8217;Union europ\u00e9enne a cr\u00e9\u00e9 un site Web pour aider les consommateurs \u00e0 soumettre leurs r\u00e9clamations concernant tout litige dans lequel ils sont impliqu\u00e9s. Dans ce cadre, la SOCIETE fournit toutes les informations afin que vous puissiez exercer votre droit de r\u00e9clamation aupr\u00e8s d&#8217;une entit\u00e9 officielle, tierce et impartiale \u00e0 la proc\u00e9dure. Ainsi, si vous n&#8217;\u00eates pas satisfait de l&#8217;achat d&#8217;un bien ou d&#8217;un service sur notre site Web, ou de la solution que nous avons pr\u00e9sent\u00e9e pour r\u00e9soudre la situation, vous pouvez acc\u00e9der \u00e0 ce site officiel\u00a0<a href=\"https:\/\/ec.europa.eu\/consumers\/odr\" target=\"_blank\" rel=\"noopener\">https:\/\/ec.europa.eu\/consumers\/odr<\/a> et indiquez votre objection.<\/p>\n<p>35. Tous les messages \u00e9lectroniques envoy\u00e9s lors de l&#8217;acc\u00e8s \u00e0 la boutique en ligne, y compris les e-mails et les messages via un navigateur Internet, seront consid\u00e9r\u00e9s, aux fins de la loi applicable, comme des d\u00e9clarations contractuelles.<\/p>\n<p>36. La r\u00e9solution alternative des litiges est la possibilit\u00e9 dont disposent tous les consommateurs de recourir \u00e0 des entit\u00e9s officielles qui les aident dans la r\u00e9solution ou l&#8217;orientation de certains conflits, avant d&#8217;ouvrir des proc\u00e9dures contentieuses devant les tribunaux. En r\u00e8gle g\u00e9n\u00e9rale, la proc\u00e9dure est la suivante : le client demande \u00e0 un tiers impartial de servir d&#8217;interm\u00e9diaire entre lui et le commer\u00e7ant vis\u00e9 par sa r\u00e9clamation. L&#8217;interm\u00e9diaire peut proposer une solution \u00e0 votre plainte, imposer une solution aux deux parties ou r\u00e9unir les parties pour trouver une solution.<\/p>\n<p>Peut-\u00eatre connaissez-vous le concept de r\u00e8glement extrajudiciaire des litiges sous un autre nom : &#8216;m\u00e9diation&#8217;, &#8216;conciliation&#8217;, &#8216;arbitrage&#8217; ou &#8216;commission comp\u00e9tente dans le cadre des litiges de consommation&#8217;.<\/p>\n<p>Le r\u00e8glement extrajudiciaire des litiges est, en r\u00e8gle g\u00e9n\u00e9rale, moins co\u00fbteux, moins formel et plus rapide que la voie judiciaire.<\/p>\n<p>37. Suggestions pour les entit\u00e9s de r\u00e8glement extrajudiciaire des litiges\u00a0:<\/p>\n<p><span style=\"font-weight: 400\">Cniacc \u2013 Centro Nacional de Informa\u00e7\u00e3o e Arbitragem de Conflitos de Consumo<\/span><\/p>\n<p><a href=\"https:\/\/www.cniacc.pt\/pt\/\" target=\"_blank\" rel=\"noopener\"><span style=\"font-weight: 400\">https:\/\/www.cniacc.pt\/pt\/<\/span><\/a><\/p>\n<p><span style=\"font-weight: 400\">Centro de Arbitragem de Conflitos de Consumo de Lisboa<\/span><\/p>\n<p><a href=\"http:\/\/www.centroarbitragemlisboa.pt\/\" target=\"_blank\" rel=\"noopener\"><span style=\"font-weight: 400\">http<\/span><span style=\"font-weight: 400\">:\/\/www.centroarbitragemlisboa.pt\/<\/span><\/a><\/p>\n<p><span style=\"font-weight: 400\">Centro de Arbitragem de Conflitos de Consumo do Vale do Ave\/Tribunal Arbitral<\/span><\/p>\n<p><a href=\"http:\/\/www.triave.pt\/\" target=\"_blank\" rel=\"noopener\"><span style=\"font-weight: 400\">http:\/\/www.triave.pt\/<\/span><\/a><\/p>\n<p><span style=\"font-weight: 400\">Ciab \u2013 Centro de Informa\u00e7\u00e3o, Media\u00e7\u00e3o e Arbitragem de Consumo (Tribunal Arbitral de Consumo)<\/span><\/p>\n<p><a href=\"http:\/\/www.ciab.pt\/pt\/\" target=\"_blank\" rel=\"noopener\"><span style=\"font-weight: 400\">http:\/\/www.ciab.pt\/pt\/<\/span><\/a><\/p>\n<p><span style=\"font-weight: 400\">Cicap \u2013 Tribunal Arbitral de Consumo<\/span><\/p>\n<p><a href=\"https:\/\/www.cicap.pt\/\" target=\"_blank\" rel=\"noopener\"><span style=\"font-weight: 400\">https:\/\/www.cicap.pt\/<\/span><\/a><\/p>\n<p>&nbsp;<\/p>\n<p><strong>Dispositions finales<\/strong><\/p>\n<p>38. Tous les messages \u00e9lectroniques envoy\u00e9s lors de l&#8217;acc\u00e8s \u00e0 la boutique en ligne, y compris les e-mails et les messages via un navigateur Internet, seront consid\u00e9r\u00e9s, aux fins de la loi applicable, comme des d\u00e9clarations contractuelles.<\/p>\n<p>39. L&#8217;ENTREPRISE peut envoyer au client des informations sur les nouveaux produits, les promotions ou d&#8217;autres \u00e9l\u00e9ments d&#8217;int\u00e9r\u00eat pour les clients de la boutique en ligne, si le client s&#8217;est abonn\u00e9 \u00e0 la newsletter.<\/p>\n<p>40. Pour tout commentaire ou question, veuillez contacter notre service client au 919 142 038 ou par e-mail <a href=\"mailto:dininadesignorders@gmail.com\" target=\"_blank\" rel=\"noopener\">dininadesignorders@gmail.com<\/a>.<\/p>\n","protected":false},"excerpt":{"rendered":"<p>CONDITIONS GENERALES DE VENTE &nbsp; PR\u00c9AMBULE: 1. Les pr\u00e9sentes conditions [&hellip;]<\/p>\n","protected":false},"author":1,"featured_media":0,"parent":0,"menu_order":0,"comment_status":"closed","ping_status":"closed","template":"","meta":[],"acf":[],"yoast_head":"<!-- This site is optimized with the Yoast SEO plugin v19.7.1 - https:\/\/yoast.com\/wordpress\/plugins\/seo\/ -->\n<title>Termes et Conditions - V\u00eatements aux A\u00e7ores - Dinina Design<\/title>\n<meta name=\"description\" content=\"Veuillez consulter ici les Termes et Conditions g\u00e9n\u00e9rales de Dinina Design. En acceptant, vous acceptez toutes nos conditions.\" \/>\n<meta name=\"robots\" content=\"index, follow, max-snippet:-1, max-image-preview:large, max-video-preview:-1\" \/>\n<link rel=\"canonical\" href=\"https:\/\/dininadesign.com\/fr\/termes-et-conditions\/\" \/>\n<meta property=\"og:locale\" content=\"fr_FR\" \/>\n<meta property=\"og:type\" content=\"article\" \/>\n<meta property=\"og:title\" content=\"Termes et Conditions - V\u00eatements aux A\u00e7ores - Dinina Design\" \/>\n<meta property=\"og:description\" content=\"Veuillez consulter ici les Termes et Conditions g\u00e9n\u00e9rales de Dinina Design. En acceptant, vous acceptez toutes nos conditions.\" \/>\n<meta property=\"og:url\" content=\"https:\/\/dininadesign.com\/fr\/termes-et-conditions\/\" \/>\n<meta property=\"og:site_name\" content=\"Dinina Design - Vestu\u00e1rio Exquisitely nos A\u00e7ores\" \/>\n<meta property=\"article:modified_time\" content=\"2023-03-31T13:10:08+00:00\" \/>\n<meta name=\"twitter:card\" content=\"summary_large_image\" \/>\n<meta name=\"twitter:label1\" content=\"Dur\u00e9e de lecture estim\u00e9e\" \/>\n\t<meta name=\"twitter:data1\" content=\"12 minutes\" \/>\n<script type=\"application\/ld+json\" class=\"yoast-schema-graph\">{\"@context\":\"https:\/\/schema.org\",\"@graph\":[{\"@type\":\"WebPage\",\"@id\":\"https:\/\/dininadesign.com\/fr\/termes-et-conditions\/\",\"url\":\"https:\/\/dininadesign.com\/fr\/termes-et-conditions\/\",\"name\":\"Termes et Conditions - V\u00eatements aux A\u00e7ores - Dinina Design\",\"isPartOf\":{\"@id\":\"https:\/\/dininadesign.com\/#website\"},\"datePublished\":\"2022-09-23T10:32:27+00:00\",\"dateModified\":\"2023-03-31T13:10:08+00:00\",\"description\":\"Veuillez consulter ici les Termes et Conditions g\u00e9n\u00e9rales de Dinina Design. En acceptant, vous acceptez toutes nos conditions.\",\"breadcrumb\":{\"@id\":\"https:\/\/dininadesign.com\/fr\/termes-et-conditions\/#breadcrumb\"},\"inLanguage\":\"fr-FR\",\"potentialAction\":[{\"@type\":\"ReadAction\",\"target\":[\"https:\/\/dininadesign.com\/fr\/termes-et-conditions\/\"]}]},{\"@type\":\"BreadcrumbList\",\"@id\":\"https:\/\/dininadesign.com\/fr\/termes-et-conditions\/#breadcrumb\",\"itemListElement\":[{\"@type\":\"ListItem\",\"position\":1,\"name\":\"Home\",\"item\":\"https:\/\/dininadesign.com\/fr\/\"},{\"@type\":\"ListItem\",\"position\":2,\"name\":\"Termes et Conditions\"}]},{\"@type\":\"WebSite\",\"@id\":\"https:\/\/dininadesign.com\/#website\",\"url\":\"https:\/\/dininadesign.com\/\",\"name\":\"Dinina Design - Vestu\u00e1rio Exquisitely nos A\u00e7ores\",\"description\":\"\",\"publisher\":{\"@id\":\"https:\/\/dininadesign.com\/#organization\"},\"potentialAction\":[{\"@type\":\"SearchAction\",\"target\":{\"@type\":\"EntryPoint\",\"urlTemplate\":\"https:\/\/dininadesign.com\/?s={search_term_string}\"},\"query-input\":\"required name=search_term_string\"}],\"inLanguage\":\"fr-FR\"},{\"@type\":\"Organization\",\"@id\":\"https:\/\/dininadesign.com\/#organization\",\"name\":\"Dinina Design - Vestu\u00e1rio Exquisitely nos A\u00e7ores\",\"url\":\"https:\/\/dininadesign.com\/\",\"sameAs\":[],\"logo\":{\"@type\":\"ImageObject\",\"inLanguage\":\"fr-FR\",\"@id\":\"https:\/\/dininadesign.com\/#\/schema\/logo\/image\/\",\"url\":\"https:\/\/dininadesign.com\/wp-content\/uploads\/2022\/09\/15994617-1237494872999923-1463050223110012379-o.jpg\",\"contentUrl\":\"https:\/\/dininadesign.com\/wp-content\/uploads\/2022\/09\/15994617-1237494872999923-1463050223110012379-o.jpg\",\"width\":720,\"height\":720,\"caption\":\"Dinina Design - Vestu\u00e1rio Exquisitely nos A\u00e7ores\"},\"image\":{\"@id\":\"https:\/\/dininadesign.com\/#\/schema\/logo\/image\/\"}}]}<\/script>\n<!-- \/ Yoast SEO plugin. -->","yoast_head_json":{"title":"Termes et Conditions - V\u00eatements aux A\u00e7ores - Dinina Design","description":"Veuillez consulter ici les Termes et Conditions g\u00e9n\u00e9rales de Dinina Design. En acceptant, vous acceptez toutes nos conditions.","robots":{"index":"index","follow":"follow","max-snippet":"max-snippet:-1","max-image-preview":"max-image-preview:large","max-video-preview":"max-video-preview:-1"},"canonical":"https:\/\/dininadesign.com\/fr\/termes-et-conditions\/","og_locale":"fr_FR","og_type":"article","og_title":"Termes et Conditions - V\u00eatements aux A\u00e7ores - Dinina Design","og_description":"Veuillez consulter ici les Termes et Conditions g\u00e9n\u00e9rales de Dinina Design. En acceptant, vous acceptez toutes nos conditions.","og_url":"https:\/\/dininadesign.com\/fr\/termes-et-conditions\/","og_site_name":"Dinina Design - Vestu\u00e1rio Exquisitely nos A\u00e7ores","article_modified_time":"2023-03-31T13:10:08+00:00","twitter_card":"summary_large_image","twitter_misc":{"Dur\u00e9e de lecture estim\u00e9e":"12 minutes"},"schema":{"@context":"https:\/\/schema.org","@graph":[{"@type":"WebPage","@id":"https:\/\/dininadesign.com\/fr\/termes-et-conditions\/","url":"https:\/\/dininadesign.com\/fr\/termes-et-conditions\/","name":"Termes et Conditions - V\u00eatements aux A\u00e7ores - Dinina Design","isPartOf":{"@id":"https:\/\/dininadesign.com\/#website"},"datePublished":"2022-09-23T10:32:27+00:00","dateModified":"2023-03-31T13:10:08+00:00","description":"Veuillez consulter ici les Termes et Conditions g\u00e9n\u00e9rales de Dinina Design. En acceptant, vous acceptez toutes nos conditions.","breadcrumb":{"@id":"https:\/\/dininadesign.com\/fr\/termes-et-conditions\/#breadcrumb"},"inLanguage":"fr-FR","potentialAction":[{"@type":"ReadAction","target":["https:\/\/dininadesign.com\/fr\/termes-et-conditions\/"]}]},{"@type":"BreadcrumbList","@id":"https:\/\/dininadesign.com\/fr\/termes-et-conditions\/#breadcrumb","itemListElement":[{"@type":"ListItem","position":1,"name":"Home","item":"https:\/\/dininadesign.com\/fr\/"},{"@type":"ListItem","position":2,"name":"Termes et Conditions"}]},{"@type":"WebSite","@id":"https:\/\/dininadesign.com\/#website","url":"https:\/\/dininadesign.com\/","name":"Dinina Design - Vestu\u00e1rio Exquisitely nos A\u00e7ores","description":"","publisher":{"@id":"https:\/\/dininadesign.com\/#organization"},"potentialAction":[{"@type":"SearchAction","target":{"@type":"EntryPoint","urlTemplate":"https:\/\/dininadesign.com\/?s={search_term_string}"},"query-input":"required name=search_term_string"}],"inLanguage":"fr-FR"},{"@type":"Organization","@id":"https:\/\/dininadesign.com\/#organization","name":"Dinina Design - Vestu\u00e1rio Exquisitely nos A\u00e7ores","url":"https:\/\/dininadesign.com\/","sameAs":[],"logo":{"@type":"ImageObject","inLanguage":"fr-FR","@id":"https:\/\/dininadesign.com\/#\/schema\/logo\/image\/","url":"https:\/\/dininadesign.com\/wp-content\/uploads\/2022\/09\/15994617-1237494872999923-1463050223110012379-o.jpg","contentUrl":"https:\/\/dininadesign.com\/wp-content\/uploads\/2022\/09\/15994617-1237494872999923-1463050223110012379-o.jpg","width":720,"height":720,"caption":"Dinina Design - Vestu\u00e1rio Exquisitely nos A\u00e7ores"},"image":{"@id":"https:\/\/dininadesign.com\/#\/schema\/logo\/image\/"}}]}},"_links":{"self":[{"href":"https:\/\/dininadesign.com\/fr\/wp-json\/wp\/v2\/pages\/193"}],"collection":[{"href":"https:\/\/dininadesign.com\/fr\/wp-json\/wp\/v2\/pages"}],"about":[{"href":"https:\/\/dininadesign.com\/fr\/wp-json\/wp\/v2\/types\/page"}],"author":[{"embeddable":true,"href":"https:\/\/dininadesign.com\/fr\/wp-json\/wp\/v2\/users\/1"}],"replies":[{"embeddable":true,"href":"https:\/\/dininadesign.com\/fr\/wp-json\/wp\/v2\/comments?post=193"}],"version-history":[{"count":8,"href":"https:\/\/dininadesign.com\/fr\/wp-json\/wp\/v2\/pages\/193\/revisions"}],"predecessor-version":[{"id":1385,"href":"https:\/\/dininadesign.com\/fr\/wp-json\/wp\/v2\/pages\/193\/revisions\/1385"}],"wp:attachment":[{"href":"https:\/\/dininadesign.com\/fr\/wp-json\/wp\/v2\/media?parent=193"}],"curies":[{"name":"wp","href":"https:\/\/api.w.org\/{rel}","templated":true}]}}