{"id":2663,"date":"2023-05-10T16:16:43","date_gmt":"2023-05-10T16:16:43","guid":{"rendered":"https:\/\/dininadesign.com\/produto\/saco-e-chapeu\/"},"modified":"2023-05-10T16:18:08","modified_gmt":"2023-05-10T16:18:08","slug":"sac-et-chapeau","status":"publish","type":"product","link":"https:\/\/dininadesign.com\/fr\/produit\/sac-et-chapeau\/","title":{"rendered":"Sac et Chapeau"},"content":{"rendered":"","protected":false},"excerpt":{"rendered":"<p>Peut \u00eatre vendu ensemble ou s\u00e9par\u00e9ment. Bonnet en fibre synth\u00e9tique et coton. Sac en coton.<\/p>\n<p>Chapeau 30 \u20ac, Sac 40 \u20ac.<\/p>\n","protected":false},"featured_media":2660,"template":"","meta":[],"product_cat":[110],"product_tag":[],"acf":[],"yoast_head":"<!-- This site is optimized with the Yoast SEO plugin v19.7.1 - https:\/\/yoast.com\/wordpress\/plugins\/seo\/ -->\n<title>Sac et Chapeau - Dinina Design - Vestu\u00e1rio Exquisitely nos A\u00e7ores<\/title>\n<meta name=\"robots\" content=\"index, follow, max-snippet:-1, max-image-preview:large, max-video-preview:-1\" \/>\n<link rel=\"canonical\" href=\"https:\/\/dininadesign.com\/fr\/produit\/sac-et-chapeau\/\" \/>\n<meta property=\"og:locale\" content=\"fr_FR\" \/>\n<meta property=\"og:type\" content=\"article\" \/>\n<meta property=\"og:title\" content=\"Sac et Chapeau - Dinina Design - Vestu\u00e1rio Exquisitely nos A\u00e7ores\" \/>\n<meta property=\"og:description\" content=\"Peut \u00eatre vendu ensemble ou s\u00e9par\u00e9ment. Bonnet en fibre synth\u00e9tique et coton. Sac en coton.  Chapeau 30 \u20ac, Sac 40 \u20ac.\" \/>\n<meta property=\"og:url\" content=\"https:\/\/dininadesign.com\/fr\/produit\/sac-et-chapeau\/\" \/>\n<meta property=\"og:site_name\" content=\"Dinina Design - Vestu\u00e1rio Exquisitely nos A\u00e7ores\" \/>\n<meta property=\"article:modified_time\" content=\"2023-05-10T16:18:08+00:00\" \/>\n<meta property=\"og:image\" content=\"https:\/\/dininadesign.com\/wp-content\/uploads\/2023\/05\/mala-de-praia-1.jpg\" \/>\n\t<meta property=\"og:image:width\" content=\"768\" \/>\n\t<meta property=\"og:image:height\" content=\"1024\" \/>\n\t<meta property=\"og:image:type\" content=\"image\/jpeg\" \/>\n<meta name=\"twitter:card\" content=\"summary_large_image\" \/>\n<script type=\"application\/ld+json\" class=\"yoast-schema-graph\">{\"@context\":\"https:\/\/schema.org\",\"@graph\":[{\"@type\":\"WebPage\",\"@id\":\"https:\/\/dininadesign.com\/fr\/produit\/sac-et-chapeau\/\",\"url\":\"https:\/\/dininadesign.com\/fr\/produit\/sac-et-chapeau\/\",\"name\":\"Sac et Chapeau - Dinina Design - Vestu\u00e1rio Exquisitely nos A\u00e7ores\",\"isPartOf\":{\"@id\":\"https:\/\/dininadesign.com\/#website\"},\"datePublished\":\"2023-05-10T16:16:43+00:00\",\"dateModified\":\"2023-05-10T16:18:08+00:00\",\"breadcrumb\":{\"@id\":\"https:\/\/dininadesign.com\/fr\/produit\/sac-et-chapeau\/#breadcrumb\"},\"inLanguage\":\"fr-FR\",\"potentialAction\":[{\"@type\":\"ReadAction\",\"target\":[\"https:\/\/dininadesign.com\/fr\/produit\/sac-et-chapeau\/\"]}]},{\"@type\":\"BreadcrumbList\",\"@id\":\"https:\/\/dininadesign.com\/fr\/produit\/sac-et-chapeau\/#breadcrumb\",\"itemListElement\":[{\"@type\":\"ListItem\",\"position\":1,\"name\":\"Home\",\"item\":\"https:\/\/dininadesign.com\/fr\/\"},{\"@type\":\"ListItem\",\"position\":2,\"name\":\"Boutique\",\"item\":\"https:\/\/dininadesign.com\/fr\/boutique\/\"},{\"@type\":\"ListItem\",\"position\":3,\"name\":\"Sac et Chapeau\"}]},{\"@type\":\"WebSite\",\"@id\":\"https:\/\/dininadesign.com\/#website\",\"url\":\"https:\/\/dininadesign.com\/\",\"name\":\"Dinina Design - Vestu\u00e1rio Exquisitely nos A\u00e7ores\",\"description\":\"\",\"publisher\":{\"@id\":\"https:\/\/dininadesign.com\/#organization\"},\"potentialAction\":[{\"@type\":\"SearchAction\",\"target\":{\"@type\":\"EntryPoint\",\"urlTemplate\":\"https:\/\/dininadesign.com\/?s={search_term_string}\"},\"query-input\":\"required name=search_term_string\"}],\"inLanguage\":\"fr-FR\"},{\"@type\":\"Organization\",\"@id\":\"https:\/\/dininadesign.com\/#organization\",\"name\":\"Dinina Design - Vestu\u00e1rio Exquisitely nos A\u00e7ores\",\"url\":\"https:\/\/dininadesign.com\/\",\"sameAs\":[],\"logo\":{\"@type\":\"ImageObject\",\"inLanguage\":\"fr-FR\",\"@id\":\"https:\/\/dininadesign.com\/#\/schema\/logo\/image\/\",\"url\":\"https:\/\/dininadesign.com\/wp-content\/uploads\/2022\/09\/15994617-1237494872999923-1463050223110012379-o.jpg\",\"contentUrl\":\"https:\/\/dininadesign.com\/wp-content\/uploads\/2022\/09\/15994617-1237494872999923-1463050223110012379-o.jpg\",\"width\":720,\"height\":720,\"caption\":\"Dinina Design - Vestu\u00e1rio Exquisitely nos A\u00e7ores\"},\"image\":{\"@id\":\"https:\/\/dininadesign.com\/#\/schema\/logo\/image\/\"}}]}<\/script>\n<!-- \/ Yoast SEO plugin. -->","yoast_head_json":{"title":"Sac et Chapeau - Dinina Design - Vestu\u00e1rio Exquisitely nos A\u00e7ores","robots":{"index":"index","follow":"follow","max-snippet":"max-snippet:-1","max-image-preview":"max-image-preview:large","max-video-preview":"max-video-preview:-1"},"canonical":"https:\/\/dininadesign.com\/fr\/produit\/sac-et-chapeau\/","og_locale":"fr_FR","og_type":"article","og_title":"Sac et Chapeau - Dinina Design - Vestu\u00e1rio Exquisitely nos A\u00e7ores","og_description":"Peut \u00eatre vendu ensemble ou s\u00e9par\u00e9ment. Bonnet en fibre synth\u00e9tique et coton. Sac en coton.  Chapeau 30 \u20ac, Sac 40 \u20ac.","og_url":"https:\/\/dininadesign.com\/fr\/produit\/sac-et-chapeau\/","og_site_name":"Dinina Design - Vestu\u00e1rio Exquisitely nos A\u00e7ores","article_modified_time":"2023-05-10T16:18:08+00:00","og_image":[{"width":768,"height":1024,"url":"https:\/\/dininadesign.com\/wp-content\/uploads\/2023\/05\/mala-de-praia-1.jpg","type":"image\/jpeg"}],"twitter_card":"summary_large_image","schema":{"@context":"https:\/\/schema.org","@graph":[{"@type":"WebPage","@id":"https:\/\/dininadesign.com\/fr\/produit\/sac-et-chapeau\/","url":"https:\/\/dininadesign.com\/fr\/produit\/sac-et-chapeau\/","name":"Sac et Chapeau - Dinina Design - Vestu\u00e1rio Exquisitely nos A\u00e7ores","isPartOf":{"@id":"https:\/\/dininadesign.com\/#website"},"datePublished":"2023-05-10T16:16:43+00:00","dateModified":"2023-05-10T16:18:08+00:00","breadcrumb":{"@id":"https:\/\/dininadesign.com\/fr\/produit\/sac-et-chapeau\/#breadcrumb"},"inLanguage":"fr-FR","potentialAction":[{"@type":"ReadAction","target":["https:\/\/dininadesign.com\/fr\/produit\/sac-et-chapeau\/"]}]},{"@type":"BreadcrumbList","@id":"https:\/\/dininadesign.com\/fr\/produit\/sac-et-chapeau\/#breadcrumb","itemListElement":[{"@type":"ListItem","position":1,"name":"Home","item":"https:\/\/dininadesign.com\/fr\/"},{"@type":"ListItem","position":2,"name":"Boutique","item":"https:\/\/dininadesign.com\/fr\/boutique\/"},{"@type":"ListItem","position":3,"name":"Sac et Chapeau"}]},{"@type":"WebSite","@id":"https:\/\/dininadesign.com\/#website","url":"https:\/\/dininadesign.com\/","name":"Dinina Design - Vestu\u00e1rio Exquisitely nos A\u00e7ores","description":"","publisher":{"@id":"https:\/\/dininadesign.com\/#organization"},"potentialAction":[{"@type":"SearchAction","target":{"@type":"EntryPoint","urlTemplate":"https:\/\/dininadesign.com\/?s={search_term_string}"},"query-input":"required name=search_term_string"}],"inLanguage":"fr-FR"},{"@type":"Organization","@id":"https:\/\/dininadesign.com\/#organization","name":"Dinina Design - Vestu\u00e1rio Exquisitely nos A\u00e7ores","url":"https:\/\/dininadesign.com\/","sameAs":[],"logo":{"@type":"ImageObject","inLanguage":"fr-FR","@id":"https:\/\/dininadesign.com\/#\/schema\/logo\/image\/","url":"https:\/\/dininadesign.com\/wp-content\/uploads\/2022\/09\/15994617-1237494872999923-1463050223110012379-o.jpg","contentUrl":"https:\/\/dininadesign.com\/wp-content\/uploads\/2022\/09\/15994617-1237494872999923-1463050223110012379-o.jpg","width":720,"height":720,"caption":"Dinina Design - Vestu\u00e1rio Exquisitely nos A\u00e7ores"},"image":{"@id":"https:\/\/dininadesign.com\/#\/schema\/logo\/image\/"}}]}},"_links":{"self":[{"href":"https:\/\/dininadesign.com\/fr\/wp-json\/wp\/v2\/product\/2663"}],"collection":[{"href":"https:\/\/dininadesign.com\/fr\/wp-json\/wp\/v2\/product"}],"about":[{"href":"https:\/\/dininadesign.com\/fr\/wp-json\/wp\/v2\/types\/product"}],"wp:featuredmedia":[{"embeddable":true,"href":"https:\/\/dininadesign.com\/fr\/wp-json\/wp\/v2\/media\/2660"}],"wp:attachment":[{"href":"https:\/\/dininadesign.com\/fr\/wp-json\/wp\/v2\/media?parent=2663"}],"wp:term":[{"taxonomy":"product_cat","embeddable":true,"href":"https:\/\/dininadesign.com\/fr\/wp-json\/wp\/v2\/product_cat?post=2663"},{"taxonomy":"product_tag","embeddable":true,"href":"https:\/\/dininadesign.com\/fr\/wp-json\/wp\/v2\/product_tag?post=2663"}],"curies":[{"name":"wp","href":"https:\/\/api.w.org\/{rel}","templated":true}]}}